{"id":655,"date":"2009-07-30T11:44:59","date_gmt":"2009-07-30T10:44:59","guid":{"rendered":"http:\/\/vad.nmartproject.net\/?page_id=655"},"modified":"2009-07-30T11:44:59","modified_gmt":"2009-07-30T10:44:59","slug":"vadocz-peter","status":"publish","type":"page","link":"https:\/\/vad.nmartproject.net\/?page_id=655","title":{"rendered":"Vad\u00f3cz, P\u00e9ter"},"content":{"rendered":"<p><strong>P\u00e9ter Vad\u00f3cz (Hungary) <\/strong><br \/>\n<a href=\"http:\/\/and.nmartproject.net\/?p=2233\">biography<\/a><br \/>\n.<\/p>\n<p>[flvgallery video=&#8221;http:\/\/video.newmediaserver.org\/2009\/08\/vadocz.flv&#8221; title=&#8221;view video&#8221; thumbnail=&#8221;http:\/\/video.newmediaserver.org\/2009\/08\/img\/vadocz.jpg&#8221;  width=&#8221;480&#8243; height=&#8221;360&#8243;]<\/p>\n<p>Title: <strong>Colourful EU<\/strong><\/p>\n<p>As you walking on the streets, the flags of EU-countries are come into sight anything you just look at. The EU is in the objects, in the creatures, in the people. The colorful EU is around us.<br \/>\nAn experimental spot to celebrate the 50th anniversary of the European Union.<br \/>\nAnimation \/ stop motion.<br \/>\nContains only still pictures, made by mobile device.<br \/>\n.<br \/>\n.<\/p>\n","protected":false},"excerpt":{"rendered":"<p>P\u00e9ter Vad\u00f3cz (Hungary) biography . [flvgallery video=&#8221;http:\/\/video.newmediaserver.org\/2009\/08\/vadocz.flv&#8221; title=&#8221;view video&#8221; thumbnail=&#8221;http:\/\/video.newmediaserver.org\/2009\/08\/img\/vadocz.jpg&#8221; width=&#8221;480&#8243; height=&#8221;360&#8243;] Title: Colourful EU As you walking on the streets, the flags of EU-countries &hellip;<\/p>\n","protected":false},"author":1,"featured_media":0,"parent":0,"menu_order":0,"comment_status":"closed","ping_status":"open","template":"","meta":[],"_links":{"self":[{"href":"https:\/\/vad.nmartproject.net\/index.php?rest_route=\/wp\/v2\/pages\/655"}],"collection":[{"href":"https:\/\/vad.nmartproject.net\/index.php?rest_route=\/wp\/v2\/pages"}],"about":[{"href":"https:\/\/vad.nmartproject.net\/index.php?rest_route=\/wp\/v2\/types\/page"}],"author":[{"embeddable":true,"href":"https:\/\/vad.nmartproject.net\/index.php?rest_route=\/wp\/v2\/users\/1"}],"replies":[{"embeddable":true,"href":"https:\/\/vad.nmartproject.net\/index.php?rest_route=%2Fwp%2Fv2%2Fcomments&post=655"}],"version-history":[{"count":1,"href":"https:\/\/vad.nmartproject.net\/index.php?rest_route=\/wp\/v2\/pages\/655\/revisions"}],"predecessor-version":[{"id":656,"href":"https:\/\/vad.nmartproject.net\/index.php?rest_route=\/wp\/v2\/pages\/655\/revisions\/656"}],"wp:attachment":[{"href":"https:\/\/vad.nmartproject.net\/index.php?rest_route=%2Fwp%2Fv2%2Fmedia&parent=655"}],"curies":[{"name":"wp","href":"https:\/\/api.w.org\/{rel}","templated":true}]}}