{"id":297,"date":"2008-12-09T17:07:58","date_gmt":"2008-12-09T16:07:58","guid":{"rendered":"http:\/\/vad.nmartproject.net\/?page_id=297"},"modified":"2008-12-09T17:07:58","modified_gmt":"2008-12-09T16:07:58","slug":"tetaz-irene","status":"publish","type":"page","link":"https:\/\/vad.nmartproject.net\/?page_id=297","title":{"rendered":"T\u00e9taz, Ir\u00e8ne"},"content":{"rendered":"<p><strong>Ir\u00e8ne T\u00e9taz (France)<\/strong><\/p>\n<li><a href=\"http:\/\/and.nmartproject.net\/?p=223\">biography<\/a><\/li>\n<p>Video title<\/p>\n","protected":false},"excerpt":{"rendered":"<p>Ir\u00e8ne T\u00e9taz (France) biography Video title<\/p>\n","protected":false},"author":1,"featured_media":0,"parent":0,"menu_order":0,"comment_status":"open","ping_status":"open","template":"","meta":[],"_links":{"self":[{"href":"https:\/\/vad.nmartproject.net\/index.php?rest_route=\/wp\/v2\/pages\/297"}],"collection":[{"href":"https:\/\/vad.nmartproject.net\/index.php?rest_route=\/wp\/v2\/pages"}],"about":[{"href":"https:\/\/vad.nmartproject.net\/index.php?rest_route=\/wp\/v2\/types\/page"}],"author":[{"embeddable":true,"href":"https:\/\/vad.nmartproject.net\/index.php?rest_route=\/wp\/v2\/users\/1"}],"replies":[{"embeddable":true,"href":"https:\/\/vad.nmartproject.net\/index.php?rest_route=%2Fwp%2Fv2%2Fcomments&post=297"}],"version-history":[{"count":0,"href":"https:\/\/vad.nmartproject.net\/index.php?rest_route=\/wp\/v2\/pages\/297\/revisions"}],"wp:attachment":[{"href":"https:\/\/vad.nmartproject.net\/index.php?rest_route=%2Fwp%2Fv2%2Fmedia&parent=297"}],"curies":[{"name":"wp","href":"https:\/\/api.w.org\/{rel}","templated":true}]}}