{"id":294,"date":"2008-12-09T17:01:00","date_gmt":"2008-12-09T16:01:00","guid":{"rendered":"http:\/\/vad.nmartproject.net\/?page_id=294"},"modified":"2008-12-09T17:01:00","modified_gmt":"2008-12-09T16:01:00","slug":"simoes-joao-paulo","status":"publish","type":"page","link":"https:\/\/vad.nmartproject.net\/?page_id=294","title":{"rendered":"Sim\u00f5es, Jo\u00e3o Paulo"},"content":{"rendered":"<p><strong>Jo\u00e3o Paulo Sim\u00f5es (Portugal)<\/strong><\/p>\n<li><a href=\"http:\/\/and.nmartproject.net\/?p=220\">biography<\/a><\/li>\n<p>Video title:<\/p>\n","protected":false},"excerpt":{"rendered":"<p>Jo\u00e3o Paulo Sim\u00f5es (Portugal) biography Video title:<\/p>\n","protected":false},"author":1,"featured_media":0,"parent":0,"menu_order":0,"comment_status":"open","ping_status":"open","template":"","meta":[],"_links":{"self":[{"href":"https:\/\/vad.nmartproject.net\/index.php?rest_route=\/wp\/v2\/pages\/294"}],"collection":[{"href":"https:\/\/vad.nmartproject.net\/index.php?rest_route=\/wp\/v2\/pages"}],"about":[{"href":"https:\/\/vad.nmartproject.net\/index.php?rest_route=\/wp\/v2\/types\/page"}],"author":[{"embeddable":true,"href":"https:\/\/vad.nmartproject.net\/index.php?rest_route=\/wp\/v2\/users\/1"}],"replies":[{"embeddable":true,"href":"https:\/\/vad.nmartproject.net\/index.php?rest_route=%2Fwp%2Fv2%2Fcomments&post=294"}],"version-history":[{"count":0,"href":"https:\/\/vad.nmartproject.net\/index.php?rest_route=\/wp\/v2\/pages\/294\/revisions"}],"wp:attachment":[{"href":"https:\/\/vad.nmartproject.net\/index.php?rest_route=%2Fwp%2Fv2%2Fmedia&parent=294"}],"curies":[{"name":"wp","href":"https:\/\/api.w.org\/{rel}","templated":true}]}}