{"id":22,"date":"2008-11-23T09:17:29","date_gmt":"2008-11-23T08:17:29","guid":{"rendered":"http:\/\/vad.nmartproject.net\/?page_id=22"},"modified":"2010-02-09T08:09:13","modified_gmt":"2010-02-09T07:09:13","slug":"agricola-de-cologne","status":"publish","type":"page","link":"https:\/\/vad.nmartproject.net\/?page_id=22","title":{"rendered":"Agricola de Cologne, Wilfried"},"content":{"rendered":"<p><strong>Wilfried Agricola de Cologne (Germany)<\/strong><br \/>\n<a href=\"http:\/\/and.nmartproject.net\/?p=82\">detailed biography<\/a><br \/>\nparticipant in<br \/>\n<a href=\"http:\/\/videochannel.newmediafest.org\">VideoChannel<\/a><br \/>\n<a href=\"http:\/\/coff.newmediafest.org\/index4.html\">CologneOFF IV &#8211; 4th Cologne Online Film Festival<\/a><br \/>\n<a href=\"http:\/\/videochannel.newmediafest.org\/blog\/?page_id=667\">VideoChannel Cologne &#8211; Found Footage!<\/a><br \/>\n<a href=\"http:\/\/videochannel.newmediafest.org\/blog\/?page_id=669\">VideoChannel  &#8211; Shoah Film Collection<\/a><br \/>\n.<\/p>\n<p>[Shoah film Collection]<br \/>\n[flvgallery video=&#8221;http:\/\/video.newmediaserver.org\/2010\/01\/shoah\/agricola.flv&#8221; title=&#8221;view video&#8221; thumbnail=&#8221;http:\/\/video.newmediaserver.org\/2010\/01\/shoah\/img\/agricola.jpg&#8221;  width=&#8221;640&#8243; height=&#8221;480&#8243;]<\/p>\n<p>video title:<br \/>\n<strong>Memory Game<\/strong><br \/>\n2010, 8:00<\/p>\n<p>Five friends meet each other once a year at another place on the globe for one day and play their memory game. In 2010, they meet in Berlin, a place where countless strings of memory come together at the focus of one place which is standing for the more than 6 millions of murdered Jews, the Memorial for The Murdered Jews in Europe.<br \/>\nThe video was filmed in Berlin, Budapest and Auschwitz and is released on occasion of 65th return of the Liberation of the Concentration Camp Auschwitz on 27 January 2010.<br \/>\n.<\/p>\n<p>[Found Footage!]<br \/>\n [flvgallery video=&#8221;http:\/\/video.newmediaserver.org\/2009\/12\/agricola.flv&#8221; title=&#8221;view the video&#8221; thumbnail=&#8221;http:\/\/video.newmediaserver.org\/mpc\/hot2.jpg&#8221;  width=&#8221;540&#8243; height=&#8221;360&#8243;]<\/p>\n<p>Title: House of Tomorrow<br \/>\n2005, 3:00<\/p>\n<p>synopsis<br \/>\nThe house of tomorrow is the house of one\u2019s identity, it does not need to be a concrete house or building, but represents a secure and protected place where people can stand for what they are and represent, a human being. And this human may have many identities in different fields, the sexual identity represents only one among many others. <\/p>\n<p>.<\/p>\n<p>.<br \/>\n [flvgallery video=&#8221;http:\/\/video.newmediaserver.org\/mpc\/mars1.flv&#8221; title=&#8221;view the video&#8221; thumbnail=&#8221;http:\/\/www.agricola-de-cologne.de\/blog\/mars4.jpg&#8221;  width=&#8221;480&#8243; height=&#8221;360&#8243;]<\/p>\n<p>Title:<br \/>\n<strong>RED: One Day on Mars<\/strong><\/p>\n<p><strong>Synopsis<\/strong><br \/>\nA human being is obliged to spend at least one day in his lifetime on Mars. Mars the red desert planet, Mars the god of war. Mars can be anywhere, any place which is identified with the inhuman, violence, hate, rage, revenge and despair.<br \/>\nAgricola de Cologne filmed the original material 2006 during a visit in Palestine &#038; Israel.<\/p>\n<p>.<br \/>\n[flvgallery video=&#8221;http:\/\/video.newmediaserver.org\/mpc\/silent.flv&#8221; title=&#8221;view the video&#8221; thumbnail=&#8221;http:\/\/movingpictures.agricola-de-cologne.de\/blog\/images\/silent_cry2a.jpg&#8221;  width=&#8221;480&#8243; height=&#8221;360&#8243;]<\/p>\n<p><strong>Short synopsis<\/strong><br \/>\nSilent Cry is the visualization of an internal cry happening all the time, when society does not allow to show deep emotional affection. The silent cry is always present caused by never ending traumatizations during decades hidden behind the facade people wants to see.<br \/>\nAnd even if the cry would be be seen or heard, people would refuse to face it.<\/p>\n<p>.<br \/>\n[flvgallery video=&#8221;http:\/\/video.newmediaserver.org\/mpc\/timed1.flv&#8221; title=&#8221;View the video&#8221; thumbnail=&#8221;http:\/\/movingpictures.agricola-de-cologne.de\/blog\/images\/timed2a.jpg&#8221;  width=&#8221;480&#8243; height=&#8221;360&#8243;]<\/p>\n<p><strong>Short synopsis<\/strong><br \/>\nEnglish title: Timed Out<br \/>\nThe experimental video is dedicated to the artists dying mother.<br \/>\nIt offers an intimate view on a relation based on a deep emotional closeness and long distance.<\/p>\n<p>German title: &#8220;ausZEIT&#8221;<br \/>\nDer K\u00fcnstler widmet den experimentellen Film seiner sterbenden Mutter. Er erm\u00f6glicht dem Betrachter den kurzen Einblick in eine initime Beziehung, die gekennzeichnet ist von emotonaler N\u00e4he und geografischer Distanz.<\/p>\n<p>.<br \/>\n[flvgallery video=&#8221;http:\/\/video.newmediaserver.org\/mpc\/hair.flv&#8221; title=&#8221;view the video&#8221; thumbnail=&#8221;http:\/\/www.nmartproject.net\/agricola\/mpc\/blog\/images\/hair.jpg&#8221;  width=&#8221;480&#8243; height=&#8221;360&#8243;]<\/p>\n<p>Title:<br \/>\n<strong>Hairdryer<\/strong><br \/>\n2008, 1:00<\/p>\n<p><strong><em>Synopsis<\/em> <\/strong><\/p>\n<p>The hairdryer becomes a symbol for desire.<\/p>\n<p>.<br \/>\n[flvgallery video=&#8221;http:\/\/video.newmediaserver.org\/2009\/08\/agricola.flv&#8221; title=&#8221;view video&#8221; thumbnail=&#8221;http:\/\/video.newmediaserver.org\/2009\/08\/img\/agricola.jpg&#8221;  width=&#8221;480&#8243; height=&#8221;360&#8243;]<\/p>\n<p>Title: <strong>Burning Phantom<\/strong><br \/>\n2009, 1:00<br \/>\nLove is a burning phantom. It comes unexpectedly and vanishes without any warning.<\/p>\n","protected":false},"excerpt":{"rendered":"<p>Wilfried Agricola de Cologne (Germany) detailed biography participant in VideoChannel CologneOFF IV &#8211; 4th Cologne Online Film Festival VideoChannel Cologne &#8211; Found Footage! VideoChannel &#8211; &hellip;<\/p>\n","protected":false},"author":1,"featured_media":0,"parent":0,"menu_order":0,"comment_status":"open","ping_status":"open","template":"","meta":[],"_links":{"self":[{"href":"https:\/\/vad.nmartproject.net\/index.php?rest_route=\/wp\/v2\/pages\/22"}],"collection":[{"href":"https:\/\/vad.nmartproject.net\/index.php?rest_route=\/wp\/v2\/pages"}],"about":[{"href":"https:\/\/vad.nmartproject.net\/index.php?rest_route=\/wp\/v2\/types\/page"}],"author":[{"embeddable":true,"href":"https:\/\/vad.nmartproject.net\/index.php?rest_route=\/wp\/v2\/users\/1"}],"replies":[{"embeddable":true,"href":"https:\/\/vad.nmartproject.net\/index.php?rest_route=%2Fwp%2Fv2%2Fcomments&post=22"}],"version-history":[{"count":12,"href":"https:\/\/vad.nmartproject.net\/index.php?rest_route=\/wp\/v2\/pages\/22\/revisions"}],"predecessor-version":[{"id":992,"href":"https:\/\/vad.nmartproject.net\/index.php?rest_route=\/wp\/v2\/pages\/22\/revisions\/992"}],"wp:attachment":[{"href":"https:\/\/vad.nmartproject.net\/index.php?rest_route=%2Fwp%2Fv2%2Fmedia&parent=22"}],"curies":[{"name":"wp","href":"https:\/\/api.w.org\/{rel}","templated":true}]}}