{"id":1349,"date":"2010-01-09T07:48:04","date_gmt":"2010-01-09T06:48:04","guid":{"rendered":"http:\/\/vad.nmartproject.net\/?page_id=1349"},"modified":"2010-01-09T07:48:04","modified_gmt":"2010-01-09T06:48:04","slug":"periot-jean-gabriel-tom-de-pekin","status":"publish","type":"page","link":"https:\/\/vad.nmartproject.net\/?page_id=1349","title":{"rendered":"P\u00e9riot, Jean-Gabriel  + Tom de P\u00e9kin"},"content":{"rendered":"<p><strong>Jean-Gabriel P\u00e9riot + Tom de P\u00e9kin<\/strong><br \/>\nFrench filmmaker<\/p>\n<p><a href=\"http:\/\/and.nmartproject.net\/?p=232\">biography<\/a><\/p>\n<p>participant in<br \/>\n<a href=\"http:\/\/videochannel.newmediafest.org\/blog\/?page_id=31\">VideoChannel &#8211; Gender identity (2006)<\/a><br \/>\n<a href=\"http:\/\/videochannel.newmediafest.org\/blog\/?page_id=695\">VideoChannel &#8211; French Video Art (2010)<\/a><\/p>\n<p>[flvgallery video=&#8221;http:\/\/video.newmediaserver.org\/2010\/01\/french\/periot3.flv&#8221; title=&#8221;view video&#8221; thumbnail=&#8221;http:\/\/video.newmediaserver.org\/2010\/01\/french\/img\/periot3.jpg&#8221;  width=&#8221;480&#8243; height=&#8221;360&#8243;]<\/p>\n<p>Title<br \/>\nTitle: Devil Inside, 2004, 2:50<br \/>\nrevolutions, queer &#038; Rock\u2019n Roll<\/p>\n","protected":false},"excerpt":{"rendered":"<p>Jean-Gabriel P\u00e9riot + Tom de P\u00e9kin French filmmaker biography participant in VideoChannel &#8211; Gender identity (2006) VideoChannel &#8211; French Video Art (2010) [flvgallery video=&#8221;http:\/\/video.newmediaserver.org\/2010\/01\/french\/periot3.flv&#8221; title=&#8221;view &hellip;<\/p>\n","protected":false},"author":1,"featured_media":0,"parent":0,"menu_order":0,"comment_status":"closed","ping_status":"open","template":"","meta":[],"_links":{"self":[{"href":"https:\/\/vad.nmartproject.net\/index.php?rest_route=\/wp\/v2\/pages\/1349"}],"collection":[{"href":"https:\/\/vad.nmartproject.net\/index.php?rest_route=\/wp\/v2\/pages"}],"about":[{"href":"https:\/\/vad.nmartproject.net\/index.php?rest_route=\/wp\/v2\/types\/page"}],"author":[{"embeddable":true,"href":"https:\/\/vad.nmartproject.net\/index.php?rest_route=\/wp\/v2\/users\/1"}],"replies":[{"embeddable":true,"href":"https:\/\/vad.nmartproject.net\/index.php?rest_route=%2Fwp%2Fv2%2Fcomments&post=1349"}],"version-history":[{"count":1,"href":"https:\/\/vad.nmartproject.net\/index.php?rest_route=\/wp\/v2\/pages\/1349\/revisions"}],"predecessor-version":[{"id":1350,"href":"https:\/\/vad.nmartproject.net\/index.php?rest_route=\/wp\/v2\/pages\/1349\/revisions\/1350"}],"wp:attachment":[{"href":"https:\/\/vad.nmartproject.net\/index.php?rest_route=%2Fwp%2Fv2%2Fmedia&parent=1349"}],"curies":[{"name":"wp","href":"https:\/\/api.w.org\/{rel}","templated":true}]}}